{"id":86,"date":"2021-01-20T10:23:07","date_gmt":"2021-01-20T10:23:07","guid":{"rendered":"http:\/\/dimensionbetonsenegal.com\/?page_id=86"},"modified":"2021-02-18T17:42:35","modified_gmt":"2021-02-18T17:42:35","slug":"le-laboratoire-2","status":"publish","type":"page","link":"https:\/\/dimensionbetonsenegal.com\/?page_id=86","title":{"rendered":"LABORATOIRE BETON"},"content":{"rendered":"\n<h1><strong>Laboratoire B\u00e9ton &amp; recherche&nbsp;<\/strong><\/h1>\n\n\n\n<div class=\"wp-block-columns\">\n<div class=\"wp-block-column\">\n<h2><strong>La qualit\u00e9<\/strong><\/h2>\n\n\n\n<p class=\"has-medium-font-size\">Satisfaire et anticiper les besoins de nos clients, implique une politique r\u00e9solue de qualit\u00e9 pour nos produits, nos services, notre organisation et une attitude d&rsquo;\u00e9coute et d&rsquo;\u00e9change<\/p>\n\n\n\n<h3>Besoin de notre service qualit\u00e9? faites le nous savoir<\/h3>\n\n\n\n<div class=\"wp-block-contact-form-7-contact-form-selector\"><div role=\"form\" class=\"wpcf7\" id=\"wpcf7-f598-o1\" lang=\"fr-FR\" dir=\"ltr\">\n<div class=\"screen-reader-response\"><p role=\"status\" aria-live=\"polite\" aria-atomic=\"true\"><\/p> <ul><\/ul><\/div>\n<form action=\"\/index.php?rest_route=%2Fwp%2Fv2%2Fpages%2F86#wpcf7-f598-o1\" method=\"post\" class=\"wpcf7-form init\" novalidate=\"novalidate\" data-status=\"init\">\n<div style=\"display: none;\">\n<input type=\"hidden\" name=\"_wpcf7\" value=\"598\" \/>\n<input type=\"hidden\" name=\"_wpcf7_version\" value=\"5.3.2\" \/>\n<input type=\"hidden\" name=\"_wpcf7_locale\" value=\"fr_FR\" \/>\n<input type=\"hidden\" name=\"_wpcf7_unit_tag\" value=\"wpcf7-f598-o1\" \/>\n<input type=\"hidden\" name=\"_wpcf7_container_post\" value=\"0\" \/>\n<input type=\"hidden\" name=\"_wpcf7_posted_data_hash\" value=\"\" \/>\n<\/div>\n<p><label> Votre nom<br \/>\n    <span class=\"wpcf7-form-control-wrap your-name\"><input type=\"text\" name=\"your-name\" value=\"\" size=\"40\" class=\"wpcf7-form-control wpcf7-text wpcf7-validates-as-required\" aria-required=\"true\" aria-invalid=\"false\" \/><\/span> <\/label><\/p>\n<p><label>T\u00e9l\u00e9phone<br \/>\n   <span class=\"wpcf7-form-control-wrap tel-13\"><input type=\"tel\" name=\"tel-13\" value=\"\" size=\"40\" class=\"wpcf7-form-control wpcf7-text wpcf7-tel wpcf7-validates-as-tel\" aria-invalid=\"false\" \/><\/span> <\/label><\/p>\n<p><label> Votre e-mail<br \/>\n    <span class=\"wpcf7-form-control-wrap your-email\"><input type=\"email\" name=\"your-email\" value=\"\" size=\"40\" class=\"wpcf7-form-control wpcf7-text wpcf7-email wpcf7-validates-as-required wpcf7-validates-as-email\" aria-required=\"true\" aria-invalid=\"false\" \/><\/span> <\/label><\/p>\n<p><label> Votre message (facultatif)<br \/>\n    <span class=\"wpcf7-form-control-wrap your-message\"><textarea name=\"your-message\" cols=\"40\" rows=\"10\" class=\"wpcf7-form-control wpcf7-textarea\" aria-invalid=\"false\"><\/textarea><\/span> <\/label><\/p>\n<p><input type=\"submit\" value=\"Envoyer\" class=\"wpcf7-form-control wpcf7-submit\" \/><\/p>\n<div class=\"wpcf7-response-output\" aria-hidden=\"true\"><\/div><\/form><\/div><\/div>\n<\/div>\n\n\n\n<div class=\"wp-block-column is-vertically-aligned-top\">\n<div class=\"wp-block-image is-style-rounded\"><figure class=\"alignleft size-large\"><img loading=\"lazy\" width=\"765\" height=\"510\" src=\"http:\/\/dimensionbetonsenegal.com\/wp-content\/uploads\/2021\/02\/3-1.jpg\" alt=\"\" class=\"wp-image-352\" srcset=\"https:\/\/dimensionbetonsenegal.com\/wp-content\/uploads\/2021\/02\/3-1.jpg 765w, https:\/\/dimensionbetonsenegal.com\/wp-content\/uploads\/2021\/02\/3-1-300x200.jpg 300w\" sizes=\"(max-width: 765px) 100vw, 765px\" \/><\/figure><\/div>\n<\/div>\n\n\n\n<div class=\"wp-block-column\">\n<h2><strong>Un contr\u00f4le permanent<\/strong><\/h2>\n\n\n\n<p class=\"has-medium-font-size\">Dimension B\u00e9ton S\u00e9n\u00e9gal est dot\u00e9 d\u2019un laboratoire b\u00e9ton \u00e9quip\u00e9 de mat\u00e9riels performants pour assurer la qualit\u00e9 ainsi que la tra\u00e7abilit\u00e9 de nos b\u00e9tons. Les techniciens et ing\u00e9nieurs de Dimension B\u00e9ton S\u00e9n\u00e9gal proposent un large \u00e9ventail d\u2019essais dans notre laboratoire ou sur votre chantier (essais courants ou intrins\u00e8ques sur granulat, essais sur b\u00e9ton durci de r\u00e9sistance \u00e0 la compression, essais au scl\u00e9rom\u00e8tre \u2026). Dimension B\u00e9ton S\u00e9n\u00e9gal travaille \u00e0 la recherche de produit pour r\u00e9pondre aux mieux aux besoins de nos clients.<\/p>\n<\/div>\n<\/div>\n","protected":false},"excerpt":{"rendered":"<p>Laboratoire B\u00e9ton &amp; recherche&nbsp; La qualit\u00e9 Satisfaire et anticiper les besoins de nos clients, implique une politique r\u00e9solue de qualit\u00e9 pour nos produits, nos services, notre organisation et une attitude d&rsquo;\u00e9coute et d&rsquo;\u00e9change Besoin de notre service qualit\u00e9? faites le nous savoir Un contr\u00f4le permanent Dimension B\u00e9ton S\u00e9n\u00e9gal est dot\u00e9 d\u2019un laboratoire b\u00e9ton \u00e9quip\u00e9 de mat\u00e9riels performants pour assurer la qualit\u00e9 ainsi que la tra\u00e7abilit\u00e9 de nos b\u00e9tons. Les techniciens et ing\u00e9nieurs de Dimension B\u00e9ton S\u00e9n\u00e9gal proposent un large \u00e9ventail d\u2019essais dans notre laboratoire ou sur votre chantier (essais courants ou intrins\u00e8ques sur granulat, essais sur b\u00e9ton durci de r\u00e9sistance&#8230; <\/p>\n","protected":false},"author":1,"featured_media":245,"parent":0,"menu_order":0,"comment_status":"closed","ping_status":"closed","template":"full-width.php","meta":[],"yoast_head":"<!-- This site is optimized with the Yoast SEO plugin v15.8 - https:\/\/yoast.com\/wordpress\/plugins\/seo\/ -->\n<title>LABORATOIRE BETON -<\/title>\n<meta name=\"robots\" content=\"index, follow, max-snippet:-1, max-image-preview:large, max-video-preview:-1\" \/>\n<link rel=\"canonical\" href=\"https:\/\/dimensionbetonsenegal.com\/?page_id=86\" \/>\n<meta property=\"og:locale\" content=\"fr_FR\" \/>\n<meta property=\"og:type\" content=\"article\" \/>\n<meta property=\"og:title\" content=\"LABORATOIRE BETON -\" \/>\n<meta property=\"og:description\" content=\"Laboratoire B\u00e9ton &amp; recherche&nbsp; La qualit\u00e9 Satisfaire et anticiper les besoins de nos clients, implique une politique r\u00e9solue de qualit\u00e9 pour nos produits, nos services, notre organisation et une attitude d&rsquo;\u00e9coute et d&rsquo;\u00e9change Besoin de notre service qualit\u00e9? faites le nous savoir Un contr\u00f4le permanent Dimension B\u00e9ton S\u00e9n\u00e9gal est dot\u00e9 d\u2019un laboratoire b\u00e9ton \u00e9quip\u00e9 de mat\u00e9riels performants pour assurer la qualit\u00e9 ainsi que la tra\u00e7abilit\u00e9 de nos b\u00e9tons. Les techniciens et ing\u00e9nieurs de Dimension B\u00e9ton S\u00e9n\u00e9gal proposent un large \u00e9ventail d\u2019essais dans notre laboratoire ou sur votre chantier (essais courants ou intrins\u00e8ques sur granulat, essais sur b\u00e9ton durci de r\u00e9sistance...\" \/>\n<meta property=\"og:url\" content=\"https:\/\/dimensionbetonsenegal.com\/?page_id=86\" \/>\n<meta property=\"article:modified_time\" content=\"2021-02-18T17:42:35+00:00\" \/>\n<meta property=\"og:image\" content=\"https:\/\/dimensionbetonsenegal.com\/wp-content\/uploads\/2021\/02\/labo-beton.jpg\" \/>\n\t<meta property=\"og:image:width\" content=\"800\" \/>\n\t<meta property=\"og:image:height\" content=\"533\" \/>\n<meta name=\"twitter:card\" content=\"summary_large_image\" \/>\n<meta name=\"twitter:label1\" content=\"Dur\u00e9e de lecture est.\">\n\t<meta name=\"twitter:data1\" content=\"1 minute\">\n<script type=\"application\/ld+json\" class=\"yoast-schema-graph\">{\"@context\":\"https:\/\/schema.org\",\"@graph\":[{\"@type\":\"Organization\",\"@id\":\"http:\/\/dimensionbetonsenegal.com\/#organization\",\"name\":\"Dimension b\\u00e9ton S\\u00e9n\\u00e9gal\",\"url\":\"http:\/\/dimensionbetonsenegal.com\/\",\"sameAs\":[],\"logo\":{\"@type\":\"ImageObject\",\"@id\":\"http:\/\/dimensionbetonsenegal.com\/#logo\",\"inLanguage\":\"fr-FR\",\"url\":\"https:\/\/dimensionbetonsenegal.com\/wp-content\/uploads\/2021\/01\/Fichier-1.png\",\"width\":202,\"height\":162,\"caption\":\"Dimension b\\u00e9ton S\\u00e9n\\u00e9gal\"},\"image\":{\"@id\":\"http:\/\/dimensionbetonsenegal.com\/#logo\"}},{\"@type\":\"WebSite\",\"@id\":\"http:\/\/dimensionbetonsenegal.com\/#website\",\"url\":\"http:\/\/dimensionbetonsenegal.com\/\",\"name\":\"\",\"description\":\"\",\"publisher\":{\"@id\":\"http:\/\/dimensionbetonsenegal.com\/#organization\"},\"potentialAction\":[{\"@type\":\"SearchAction\",\"target\":\"http:\/\/dimensionbetonsenegal.com\/?s={search_term_string}\",\"query-input\":\"required name=search_term_string\"}],\"inLanguage\":\"fr-FR\"},{\"@type\":\"ImageObject\",\"@id\":\"https:\/\/dimensionbetonsenegal.com\/?page_id=86#primaryimage\",\"inLanguage\":\"fr-FR\",\"url\":\"https:\/\/dimensionbetonsenegal.com\/wp-content\/uploads\/2021\/02\/labo-beton.jpg\",\"width\":800,\"height\":533},{\"@type\":\"WebPage\",\"@id\":\"https:\/\/dimensionbetonsenegal.com\/?page_id=86#webpage\",\"url\":\"https:\/\/dimensionbetonsenegal.com\/?page_id=86\",\"name\":\"LABORATOIRE BETON -\",\"isPartOf\":{\"@id\":\"http:\/\/dimensionbetonsenegal.com\/#website\"},\"primaryImageOfPage\":{\"@id\":\"https:\/\/dimensionbetonsenegal.com\/?page_id=86#primaryimage\"},\"datePublished\":\"2021-01-20T10:23:07+00:00\",\"dateModified\":\"2021-02-18T17:42:35+00:00\",\"breadcrumb\":{\"@id\":\"https:\/\/dimensionbetonsenegal.com\/?page_id=86#breadcrumb\"},\"inLanguage\":\"fr-FR\",\"potentialAction\":[{\"@type\":\"ReadAction\",\"target\":[\"https:\/\/dimensionbetonsenegal.com\/?page_id=86\"]}]},{\"@type\":\"BreadcrumbList\",\"@id\":\"https:\/\/dimensionbetonsenegal.com\/?page_id=86#breadcrumb\",\"itemListElement\":[{\"@type\":\"ListItem\",\"position\":1,\"item\":{\"@type\":\"WebPage\",\"@id\":\"http:\/\/dimensionbetonsenegal.com\/\",\"url\":\"http:\/\/dimensionbetonsenegal.com\/\",\"name\":\"Accueil\"}},{\"@type\":\"ListItem\",\"position\":2,\"item\":{\"@type\":\"WebPage\",\"@id\":\"https:\/\/dimensionbetonsenegal.com\/?page_id=86\",\"url\":\"https:\/\/dimensionbetonsenegal.com\/?page_id=86\",\"name\":\"LABORATOIRE BETON\"}}]}]}<\/script>\n<!-- \/ Yoast SEO plugin. -->","_links":{"self":[{"href":"https:\/\/dimensionbetonsenegal.com\/index.php?rest_route=\/wp\/v2\/pages\/86"}],"collection":[{"href":"https:\/\/dimensionbetonsenegal.com\/index.php?rest_route=\/wp\/v2\/pages"}],"about":[{"href":"https:\/\/dimensionbetonsenegal.com\/index.php?rest_route=\/wp\/v2\/types\/page"}],"author":[{"embeddable":true,"href":"https:\/\/dimensionbetonsenegal.com\/index.php?rest_route=\/wp\/v2\/users\/1"}],"replies":[{"embeddable":true,"href":"https:\/\/dimensionbetonsenegal.com\/index.php?rest_route=%2Fwp%2Fv2%2Fcomments&post=86"}],"version-history":[{"count":29,"href":"https:\/\/dimensionbetonsenegal.com\/index.php?rest_route=\/wp\/v2\/pages\/86\/revisions"}],"predecessor-version":[{"id":616,"href":"https:\/\/dimensionbetonsenegal.com\/index.php?rest_route=\/wp\/v2\/pages\/86\/revisions\/616"}],"wp:featuredmedia":[{"embeddable":true,"href":"https:\/\/dimensionbetonsenegal.com\/index.php?rest_route=\/wp\/v2\/media\/245"}],"wp:attachment":[{"href":"https:\/\/dimensionbetonsenegal.com\/index.php?rest_route=%2Fwp%2Fv2%2Fmedia&parent=86"}],"curies":[{"name":"wp","href":"https:\/\/api.w.org\/{rel}","templated":true}]}}