{"id":78,"date":"2021-01-20T10:02:11","date_gmt":"2021-01-20T10:02:11","guid":{"rendered":"http:\/\/dimensionbetonsenegal.com\/?page_id=78"},"modified":"2021-02-18T18:01:16","modified_gmt":"2021-02-18T18:01:16","slug":"nos-betons-ciments","status":"publish","type":"page","link":"https:\/\/dimensionbetonsenegal.com\/?page_id=78","title":{"rendered":"BETONS &#038; SERVICES"},"content":{"rendered":"\n<h1><\/h1>\n\n\n\n<div class=\"wp-block-columns\">\n<div class=\"wp-block-column\" style=\"flex-basis:33.33%\">\n<p class=\"has-medium-font-size\">La fabrication du b\u00e9ton est un processus sp\u00e9cifique. Une fois fabriqu\u00e9 le b\u00e9ton pr\u00eat \u00e0 l\u2019emploi est un produit frais, qui doit \u00eatre transport\u00e9 et utilis\u00e9 rapidement dans des conditions optimales. Dimension B\u00e9ton S\u00e9n\u00e9gal met \u00e0 votre service une large gamme de b\u00e9ton pr\u00eat \u00e0 l\u2019emploi pour r\u00e9pondre aux besoins de vos chantiers : entreprise du b\u00e2timent, artisan ou particulier. Nous avons une grande capacit\u00e9 de production et disposons d\u2019un malaxeur plan\u00e9taire <em><strong>Pemat<\/strong><\/em> et d\u2019un automate <em><strong>Adler<\/strong><\/em>, sont gages de qualit\u00e9. Gr\u00e2ce \u00e0 notre syst\u00e8me informatis\u00e9, nous assurons la tra\u00e7abilit\u00e9 et la fiabilit\u00e9 de nos b\u00e9tons<\/p>\n<\/div>\n\n\n\n<div class=\"wp-block-column\" style=\"flex-basis:66.66%\">\n\n<\/div>\n<\/div>\n\n\n\n\n\n\n\n<div style=\"height:71px\" aria-hidden=\"true\" class=\"wp-block-spacer\"><\/div>\n\n\n\n<h1>Transport du b\u00e9ton<\/h1>\n\n\n\n<p class=\"has-medium-font-size\">La livraison du b\u00e9ton peut \u00eatre r\u00e9alis\u00e9e par nos soins. Vous avez la possibilit\u00e9 de venir sous centrale chercher le b\u00e9ton dont vous avez besoin, m\u00eame en petite quantit\u00e9 par petit camion benne ou remorque<\/p>\n\n\n\n<div class=\"wp-block-columns\">\n<div class=\"wp-block-column\" style=\"flex-basis:33.33%\"><div style=\"margin-top:10px;\"><br \/>\n\t<div class=\"accordion-box\"><h2>CAMION MALAXEUR<\/h2>\r\n\t\t\t<div class=\"acc-content\"><p>\n\t\tEquip\u00e9 de goulotte de d\u00e9chargement avec rallonge de 2.5 m maxi avec une hauteur maxi de d\u00e9chargement de 1.5m.<\/p>\n<\/div><div class=\"clear\"><\/div><\/div><br \/>\n\t<div class=\"accordion-box\"><h2>CAMION TAPIS  <\/h2>\r\n\t\t\t<div class=\"acc-content\"><p>\n\t\tEquip\u00e9 d\u2019un bras pouvant emmener le b\u00e9ton \u00e0 10 m.<\/p>\n<\/div><div class=\"clear\"><\/div><\/div><br \/>\n\t<div class=\"accordion-box\"><h2>POMPE \u00c0 B\u00c9TON <\/h2>\r\n\t\t\t<div class=\"acc-content\"><p>\n\t\tNous disposons de pompes \u00e0 b\u00e9ton pouvant transporter le b\u00e9ton dans un tuyau souple ou rigide et permet de l\u2019acheminer dans des endroits difficiles d\u2019acc\u00e8s pour un camion toupie.<br \/>\nDEMANDE DE DEVIS<\/p>\n<\/div><div class=\"clear\"><\/div><\/div><br \/>\n<div class=\"clear\"><\/div><\/div>\n<\/div>\n\n\n\n<div class=\"wp-block-column\" style=\"flex-basis:66.66%\">\n\n<\/div>\n<\/div>\n\n\n\n<div class=\"wp-block-columns\">\n<div class=\"wp-block-column\" style=\"flex-basis:66.66%\">\n<p class=\"has-medium-font-size\">Vous avez la possibilit\u00e9 de venir sous centrale chercher le b\u00e9ton dont vous avez besoin, m\u00eame en petite quantit\u00e9 par camion benne ou remorque.<\/p>\n\n\n\n<figure class=\"wp-block-image size-large is-style-rounded\"><img loading=\"lazy\" width=\"1024\" height=\"459\" src=\"http:\/\/dimensionbetonsenegal.com\/wp-content\/uploads\/2021\/02\/ex-works-1024x459.jpg\" alt=\"\" class=\"wp-image-563\" srcset=\"https:\/\/dimensionbetonsenegal.com\/wp-content\/uploads\/2021\/02\/ex-works-1024x459.jpg 1024w, https:\/\/dimensionbetonsenegal.com\/wp-content\/uploads\/2021\/02\/ex-works-300x134.jpg 300w, https:\/\/dimensionbetonsenegal.com\/wp-content\/uploads\/2021\/02\/ex-works-768x344.jpg 768w, https:\/\/dimensionbetonsenegal.com\/wp-content\/uploads\/2021\/02\/ex-works-1536x688.jpg 1536w, https:\/\/dimensionbetonsenegal.com\/wp-content\/uploads\/2021\/02\/ex-works.jpg 1920w\" sizes=\"(max-width: 1024px) 100vw, 1024px\" \/><\/figure>\n<\/div>\n\n\n\n<div class=\"wp-block-column\" style=\"flex-basis:33.33%\">\n<figure class=\"wp-block-image size-large is-style-default\"><img loading=\"lazy\" width=\"533\" height=\"400\" src=\"http:\/\/dimensionbetonsenegal.com\/wp-content\/uploads\/2021\/02\/Geolocalisation.jpeg\" alt=\"\" class=\"wp-image-570\" srcset=\"https:\/\/dimensionbetonsenegal.com\/wp-content\/uploads\/2021\/02\/Geolocalisation.jpeg 533w, https:\/\/dimensionbetonsenegal.com\/wp-content\/uploads\/2021\/02\/Geolocalisation-300x225.jpeg 300w\" sizes=\"(max-width: 533px) 100vw, 533px\" \/><\/figure>\n\n\n\n<p class=\"has-medium-font-size\">Dimension B\u00e9ton S\u00e9n\u00e9gal a \u00e9quip\u00e9 ses camion-malaxeurs de GPS pour pouvoir les suivre en temps r\u00e9el. Cela nous permet d\u2019optimiser les temps de transport et de pouvoir indiquer \u00e0 nos clients l\u2019emplacement exact du camion.<\/p>\n<\/div>\n<\/div>\n\n\n\n<div style=\"height:32px\" aria-hidden=\"true\" class=\"wp-block-spacer\"><\/div>\n\n\n\n<h1>Prestation laboratoire<\/h1>\n\n\n\n\n\n\n\n<div style=\"height:52px\" aria-hidden=\"true\" class=\"wp-block-spacer\"><\/div>\n\n\n\n<h1>Nos produits<\/h1>\n\n\n\n<div class=\"wp-block-columns\">\n<div class=\"wp-block-column\" style=\"flex-basis:66.66%\">\n\n<\/div>\n\n\n\n<div class=\"wp-block-column\" style=\"flex-basis:33.33%\">\n<ul><li><strong><em>Sacs de ciment de 25KG (vendus par palette de 56 sacs)<\/em><\/strong><\/li><li><strong><em>Vente de fer \u00e0 b\u00e9ton&nbsp;<\/em><\/strong><\/li><li><strong><em>Produit d\u00e9sactivant b\u00e9ton<\/em><\/strong><\/li><li><strong><em>Produit de cure b\u00e9ton&nbsp;<\/em><\/strong><\/li><li><strong><em>Fibres synth\u00e9tiques pour b\u00e9ton<\/em><\/strong><\/li><li><strong><em>Fibres m\u00e9talliques pour b\u00e9ton<\/em><\/strong><\/li><\/ul>\n<\/div>\n<\/div>\n\n\n\n<pre class=\"wp-block-preformatted\"><\/pre>\n","protected":false},"excerpt":{"rendered":"<p>La fabrication du b\u00e9ton est un processus sp\u00e9cifique. Une fois fabriqu\u00e9 le b\u00e9ton pr\u00eat \u00e0 l\u2019emploi est un produit frais, qui doit \u00eatre transport\u00e9 et utilis\u00e9 rapidement dans des conditions optimales. Dimension B\u00e9ton S\u00e9n\u00e9gal met \u00e0 votre service une large gamme de b\u00e9ton pr\u00eat \u00e0 l\u2019emploi pour r\u00e9pondre aux besoins de vos chantiers : entreprise du b\u00e2timent, artisan ou particulier. Nous avons une grande capacit\u00e9 de production et disposons d\u2019un malaxeur plan\u00e9taire Pemat et d\u2019un automate Adler, sont gages de qualit\u00e9. Gr\u00e2ce \u00e0 notre syst\u00e8me informatis\u00e9, nous assurons la tra\u00e7abilit\u00e9 et la fiabilit\u00e9 de nos b\u00e9tons Transport du b\u00e9ton La&#8230; <\/p>\n","protected":false},"author":1,"featured_media":240,"parent":0,"menu_order":0,"comment_status":"closed","ping_status":"closed","template":"full-width.php","meta":[],"yoast_head":"<!-- This site is optimized with the Yoast SEO plugin v15.8 - https:\/\/yoast.com\/wordpress\/plugins\/seo\/ -->\n<title>BETONS &amp; SERVICES -<\/title>\n<meta name=\"robots\" content=\"index, follow, max-snippet:-1, max-image-preview:large, max-video-preview:-1\" \/>\n<link rel=\"canonical\" href=\"https:\/\/dimensionbetonsenegal.com\/?page_id=78\" \/>\n<meta property=\"og:locale\" content=\"fr_FR\" \/>\n<meta property=\"og:type\" content=\"article\" \/>\n<meta property=\"og:title\" content=\"BETONS &amp; SERVICES -\" \/>\n<meta property=\"og:description\" content=\"La fabrication du b\u00e9ton est un processus sp\u00e9cifique. Une fois fabriqu\u00e9 le b\u00e9ton pr\u00eat \u00e0 l\u2019emploi est un produit frais, qui doit \u00eatre transport\u00e9 et utilis\u00e9 rapidement dans des conditions optimales. Dimension B\u00e9ton S\u00e9n\u00e9gal met \u00e0 votre service une large gamme de b\u00e9ton pr\u00eat \u00e0 l\u2019emploi pour r\u00e9pondre aux besoins de vos chantiers : entreprise du b\u00e2timent, artisan ou particulier. Nous avons une grande capacit\u00e9 de production et disposons d\u2019un malaxeur plan\u00e9taire Pemat et d\u2019un automate Adler, sont gages de qualit\u00e9. Gr\u00e2ce \u00e0 notre syst\u00e8me informatis\u00e9, nous assurons la tra\u00e7abilit\u00e9 et la fiabilit\u00e9 de nos b\u00e9tons Transport du b\u00e9ton La...\" \/>\n<meta property=\"og:url\" content=\"https:\/\/dimensionbetonsenegal.com\/?page_id=78\" \/>\n<meta property=\"article:modified_time\" content=\"2021-02-18T18:01:16+00:00\" \/>\n<meta property=\"og:image\" content=\"https:\/\/dimensionbetonsenegal.com\/wp-content\/uploads\/2021\/02\/bpe.jpg\" \/>\n\t<meta property=\"og:image:width\" content=\"800\" \/>\n\t<meta property=\"og:image:height\" content=\"532\" \/>\n<meta name=\"twitter:card\" content=\"summary_large_image\" \/>\n<meta name=\"twitter:label1\" content=\"Dur\u00e9e de lecture est.\">\n\t<meta name=\"twitter:data1\" content=\"2 minutes\">\n<script type=\"application\/ld+json\" class=\"yoast-schema-graph\">{\"@context\":\"https:\/\/schema.org\",\"@graph\":[{\"@type\":\"Organization\",\"@id\":\"http:\/\/dimensionbetonsenegal.com\/#organization\",\"name\":\"Dimension b\\u00e9ton S\\u00e9n\\u00e9gal\",\"url\":\"http:\/\/dimensionbetonsenegal.com\/\",\"sameAs\":[],\"logo\":{\"@type\":\"ImageObject\",\"@id\":\"http:\/\/dimensionbetonsenegal.com\/#logo\",\"inLanguage\":\"fr-FR\",\"url\":\"https:\/\/dimensionbetonsenegal.com\/wp-content\/uploads\/2021\/01\/Fichier-1.png\",\"width\":202,\"height\":162,\"caption\":\"Dimension b\\u00e9ton S\\u00e9n\\u00e9gal\"},\"image\":{\"@id\":\"http:\/\/dimensionbetonsenegal.com\/#logo\"}},{\"@type\":\"WebSite\",\"@id\":\"http:\/\/dimensionbetonsenegal.com\/#website\",\"url\":\"http:\/\/dimensionbetonsenegal.com\/\",\"name\":\"\",\"description\":\"\",\"publisher\":{\"@id\":\"http:\/\/dimensionbetonsenegal.com\/#organization\"},\"potentialAction\":[{\"@type\":\"SearchAction\",\"target\":\"http:\/\/dimensionbetonsenegal.com\/?s={search_term_string}\",\"query-input\":\"required name=search_term_string\"}],\"inLanguage\":\"fr-FR\"},{\"@type\":\"ImageObject\",\"@id\":\"https:\/\/dimensionbetonsenegal.com\/?page_id=78#primaryimage\",\"inLanguage\":\"fr-FR\",\"url\":\"https:\/\/dimensionbetonsenegal.com\/wp-content\/uploads\/2021\/02\/bpe.jpg\",\"width\":800,\"height\":532},{\"@type\":\"WebPage\",\"@id\":\"https:\/\/dimensionbetonsenegal.com\/?page_id=78#webpage\",\"url\":\"https:\/\/dimensionbetonsenegal.com\/?page_id=78\",\"name\":\"BETONS & SERVICES -\",\"isPartOf\":{\"@id\":\"http:\/\/dimensionbetonsenegal.com\/#website\"},\"primaryImageOfPage\":{\"@id\":\"https:\/\/dimensionbetonsenegal.com\/?page_id=78#primaryimage\"},\"datePublished\":\"2021-01-20T10:02:11+00:00\",\"dateModified\":\"2021-02-18T18:01:16+00:00\",\"breadcrumb\":{\"@id\":\"https:\/\/dimensionbetonsenegal.com\/?page_id=78#breadcrumb\"},\"inLanguage\":\"fr-FR\",\"potentialAction\":[{\"@type\":\"ReadAction\",\"target\":[\"https:\/\/dimensionbetonsenegal.com\/?page_id=78\"]}]},{\"@type\":\"BreadcrumbList\",\"@id\":\"https:\/\/dimensionbetonsenegal.com\/?page_id=78#breadcrumb\",\"itemListElement\":[{\"@type\":\"ListItem\",\"position\":1,\"item\":{\"@type\":\"WebPage\",\"@id\":\"http:\/\/dimensionbetonsenegal.com\/\",\"url\":\"http:\/\/dimensionbetonsenegal.com\/\",\"name\":\"Accueil\"}},{\"@type\":\"ListItem\",\"position\":2,\"item\":{\"@type\":\"WebPage\",\"@id\":\"https:\/\/dimensionbetonsenegal.com\/?page_id=78\",\"url\":\"https:\/\/dimensionbetonsenegal.com\/?page_id=78\",\"name\":\"BETONS &#038; SERVICES\"}}]}]}<\/script>\n<!-- \/ Yoast SEO plugin. -->","_links":{"self":[{"href":"https:\/\/dimensionbetonsenegal.com\/index.php?rest_route=\/wp\/v2\/pages\/78"}],"collection":[{"href":"https:\/\/dimensionbetonsenegal.com\/index.php?rest_route=\/wp\/v2\/pages"}],"about":[{"href":"https:\/\/dimensionbetonsenegal.com\/index.php?rest_route=\/wp\/v2\/types\/page"}],"author":[{"embeddable":true,"href":"https:\/\/dimensionbetonsenegal.com\/index.php?rest_route=\/wp\/v2\/users\/1"}],"replies":[{"embeddable":true,"href":"https:\/\/dimensionbetonsenegal.com\/index.php?rest_route=%2Fwp%2Fv2%2Fcomments&post=78"}],"version-history":[{"count":206,"href":"https:\/\/dimensionbetonsenegal.com\/index.php?rest_route=\/wp\/v2\/pages\/78\/revisions"}],"predecessor-version":[{"id":623,"href":"https:\/\/dimensionbetonsenegal.com\/index.php?rest_route=\/wp\/v2\/pages\/78\/revisions\/623"}],"wp:featuredmedia":[{"embeddable":true,"href":"https:\/\/dimensionbetonsenegal.com\/index.php?rest_route=\/wp\/v2\/media\/240"}],"wp:attachment":[{"href":"https:\/\/dimensionbetonsenegal.com\/index.php?rest_route=%2Fwp%2Fv2%2Fmedia&parent=78"}],"curies":[{"name":"wp","href":"https:\/\/api.w.org\/{rel}","templated":true}]}}