{"id":70,"date":"2021-01-20T09:17:28","date_gmt":"2021-01-20T09:17:28","guid":{"rendered":"http:\/\/dimensionbetonsenegal.com\/?page_id=70"},"modified":"2021-03-27T07:45:35","modified_gmt":"2021-03-27T07:45:35","slug":"entreprise-a-votre-ecoute","status":"publish","type":"page","link":"https:\/\/dimensionbetonsenegal.com\/?page_id=70","title":{"rendered":"ENTREPRISE A VOTRE ECOUTE"},"content":{"rendered":"\n<div class=\"wp-block-columns\">\n<div class=\"wp-block-column\">\n<p class=\"has-medium-font-size\">Dimension B\u00e9ton S\u00e9n\u00e9gal est une entreprise bas\u00e9e \u00e0 Diamniadio. Elle est dirig\u00e9e par deux (2) passionn\u00e9s qui cumulent plus de 30 ann\u00e9es d\u2019exp\u00e9rience, au sein du leader mondial des mat\u00e9riaux de construction. Ayant contribu\u00e9 \u00e0 r\u00e9aliser grand nombre de chantiers complexes et prestigieux (tours \u00e0 La D\u00e9fense Paris ile de France, chantier du Grand Paris, chantier Philharmonie de Paris porte de Pantin).&nbsp;&nbsp;Nous mettons au service de nos clients notre expertise des proc\u00e9d\u00e9s de fabrication du b\u00e9ton pr\u00eat \u00e0 l\u2019emploi, du transport du b\u00e9ton et de la qualit\u00e9 du b\u00e9ton pr\u00eat \u00e0 l\u2019emploi. Dimension b\u00e9ton S\u00e9n\u00e9gal est \u00e9quip\u00e9 d\u2019une centrale pouvant produire ais\u00e9ment 400m3 de b\u00e9ton par jour. Avec une large gamme de b\u00e9tons pouvant r\u00e9pondre \u00e0 toutes les exigences ou probl\u00e9matiques chantier.<\/p>\n<\/div>\n\n\n\n<div class=\"wp-block-column\">\n<figure class=\"wp-block-image size-large is-style-default\"><img loading=\"lazy\" width=\"825\" height=\"410\" src=\"http:\/\/dimensionbetonsenegal.com\/wp-content\/uploads\/2021\/02\/compress_actuality_teaser_1559827291.jpg\" alt=\"\" class=\"wp-image-373\" srcset=\"https:\/\/dimensionbetonsenegal.com\/wp-content\/uploads\/2021\/02\/compress_actuality_teaser_1559827291.jpg 825w, https:\/\/dimensionbetonsenegal.com\/wp-content\/uploads\/2021\/02\/compress_actuality_teaser_1559827291-300x149.jpg 300w, https:\/\/dimensionbetonsenegal.com\/wp-content\/uploads\/2021\/02\/compress_actuality_teaser_1559827291-768x382.jpg 768w\" sizes=\"(max-width: 825px) 100vw, 825px\" \/><\/figure>\n<\/div>\n<\/div>\n\n\n\n<h2 class=\"has-text-align-center\"><strong>Nos engagements<\/strong><\/h2>\n\n\n\n<div class=\"wp-block-columns\">\n<div class=\"wp-block-column is-vertically-aligned-center\" style=\"flex-basis:33.33%\">\n<figure class=\"wp-block-image is-style-default\"><img loading=\"lazy\" width=\"889\" height=\"667\" src=\"http:\/\/dimensionbetonsenegal.com\/wp-content\/uploads\/2021\/02\/1-1-edited.jpg\" alt=\"\" class=\"wp-image-207\" srcset=\"https:\/\/dimensionbetonsenegal.com\/wp-content\/uploads\/2021\/02\/1-1-edited.jpg 889w, https:\/\/dimensionbetonsenegal.com\/wp-content\/uploads\/2021\/02\/1-1-edited-300x225.jpg 300w, https:\/\/dimensionbetonsenegal.com\/wp-content\/uploads\/2021\/02\/1-1-edited-768x576.jpg 768w\" sizes=\"(max-width: 889px) 100vw, 889px\" \/><\/figure>\n<\/div>\n\n\n\n<div class=\"wp-block-column\" style=\"flex-basis:66.66%\">\n<h3>La satisfaction client est la base de notre orientation.<\/h3>\n\n\n\n<p class=\"has-medium-font-size\">Choisir Dimension B\u00e9ton S\u00e9n\u00e9gal c\u2019est s\u2019assurer de l\u2019\u00e9coute, de la disponibilit\u00e9 et de la r\u00e9activit\u00e9 de nos \u00e9quipes qualifi\u00e9es et professionnelles. Elles vous assureront un service haut de gamme et sp\u00e9cifique \u00e0 vos besoins. Nous apportons une grande importance \u00e0 la s\u00e9curit\u00e9 sur notre site et lors des livraisons chantier. C\u2019est pour cela que nos \u00e9quipes ont l\u2019obligation de porter les \u00e9quipements de protection individuel sp\u00e9cifique.<\/p>\n<\/div>\n<\/div>\n\n\n\n<h2 class=\"has-text-align-center\"><strong>A votre \u00e9coute<\/strong> <\/h2>\n\n\n\n<div class=\"wp-block-columns\">\n<div class=\"wp-block-column\">\n<h3>Vous \u00eates un professionnel<\/h3>\n\n\n\n<p class=\"has-medium-font-size\">Dimension B\u00e9ton S\u00e9n\u00e9gal met \u00e0 votre disposition toute une gamme de b\u00e9ton pr\u00eat \u00e0 l\u2019emploi et ce quelque soient les exigences rencontr\u00e9es. Notre laboratoire nous permet de vous livrer des b\u00e9tons haut de gamme et de vous fournir des r\u00e9sultats qui prouvent la qualit\u00e9 et la maitrise de notre production.&nbsp;&nbsp;<\/p>\n<\/div>\n\n\n\n<div class=\"wp-block-column\">\n<figure class=\"wp-block-image size-large is-style-rounded\"><img loading=\"lazy\" width=\"626\" height=\"347\" src=\"http:\/\/dimensionbetonsenegal.com\/wp-content\/uploads\/2021\/01\/ecouteEntreprise.jpg\" alt=\"\" class=\"wp-image-114\" srcset=\"https:\/\/dimensionbetonsenegal.com\/wp-content\/uploads\/2021\/01\/ecouteEntreprise.jpg 626w, https:\/\/dimensionbetonsenegal.com\/wp-content\/uploads\/2021\/01\/ecouteEntreprise-300x166.jpg 300w\" sizes=\"(max-width: 626px) 100vw, 626px\" \/><\/figure>\n<\/div>\n\n\n\n<div class=\"wp-block-column\">\n<h3 id=\"block-2a444794-56f5-4dc2-9adb-42c325f71d3c\">Vous \u00eates un particulier<\/h3>\n\n\n\n<p class=\"has-text-align-right has-medium-font-size\">Dimension B\u00e9ton S\u00e9n\u00e9gal vous offre la possibilit\u00e9 de b\u00e9n\u00e9ficier d\u2019un b\u00e9ton de haute qualit\u00e9 pour vos travaux personnels. Finie la corv\u00e9e d\u2019entreposage et de fourniture de sable, gravillon, ciment et d\u2019eau, fini les locations, installation et nettoyage de b\u00e9tonni\u00e8re. Nous vous livrons directement sur le lieu de votre chantier, en assurant  du suivi de la confection \u00e0 la livraison, pour une construction durable avec un b\u00e9ton et service de qualit\u00e9 haut de gamme.<\/p>\n<\/div>\n<\/div>\n\n\n\n<hr class=\"wp-block-separator\"\/>\n\n\n\n<h2 class=\"has-text-align-center\"><strong>Environnement<\/strong><\/h2>\n\n\n\n<div class=\"wp-block-media-text alignwide has-media-on-the-right is-stacked-on-mobile has-background\" style=\"background:linear-gradient(135deg,rgba(244,240,240,0) 0%,rgb(0,208,130) 100%)\"><figure class=\"wp-block-media-text__media\"><img loading=\"lazy\" width=\"2560\" height=\"1922\" src=\"http:\/\/dimensionbetonsenegal.com\/wp-content\/uploads\/2021\/02\/benjamin-lecomte-pKWWWd5SVJw-unsplash-scaled.jpg\" alt=\"\" class=\"wp-image-171 size-full\" srcset=\"https:\/\/dimensionbetonsenegal.com\/wp-content\/uploads\/2021\/02\/benjamin-lecomte-pKWWWd5SVJw-unsplash-scaled.jpg 2560w, https:\/\/dimensionbetonsenegal.com\/wp-content\/uploads\/2021\/02\/benjamin-lecomte-pKWWWd5SVJw-unsplash-300x225.jpg 300w, https:\/\/dimensionbetonsenegal.com\/wp-content\/uploads\/2021\/02\/benjamin-lecomte-pKWWWd5SVJw-unsplash-1024x769.jpg 1024w, https:\/\/dimensionbetonsenegal.com\/wp-content\/uploads\/2021\/02\/benjamin-lecomte-pKWWWd5SVJw-unsplash-768x577.jpg 768w, https:\/\/dimensionbetonsenegal.com\/wp-content\/uploads\/2021\/02\/benjamin-lecomte-pKWWWd5SVJw-unsplash-1536x1153.jpg 1536w, https:\/\/dimensionbetonsenegal.com\/wp-content\/uploads\/2021\/02\/benjamin-lecomte-pKWWWd5SVJw-unsplash-2048x1538.jpg 2048w\" sizes=\"(max-width: 2560px) 100vw, 2560px\" \/><\/figure><div class=\"wp-block-media-text__content\">\n<p class=\"has-drop-cap has-medium-font-size\">L\u2019engagement soci\u00e9tal est un devoir pour les fondateurs de Dimension b\u00e9ton S\u00e9n\u00e9gal c\u2019est pourquoi notre installation int\u00e8gre naturellement une d\u00e9marche \u00e9co-responsable.&nbsp;<\/p>\n\n\n\n<ul><li><strong>Les ruches d\u2019abeilles&nbsp;: installer des ruches est un moyen ludique d\u2019apporter notre contribution \u00e0 la pr\u00e9servation de la biodiversit\u00e9 et de sensibiliser nos salari\u00e9s et clients aux questions environnementales<\/strong><\/li><li><strong>Traitement et r\u00e9cup\u00e9ration des eaux de process&nbsp;<\/strong><\/li><li><strong>R\u00e9cup\u00e9ration et r\u00e9utilisation des eaux de pluie<\/strong><\/li><li><strong>D\u00e9mat\u00e9rialisation des bons de commandes<\/strong><\/li><\/ul>\n\n\n\n<div style=\"height:100px\" aria-hidden=\"true\" class=\"wp-block-spacer\"><\/div>\n\n\n\n<div style=\"height:100px\" aria-hidden=\"true\" class=\"wp-block-spacer\"><\/div>\n<\/div><\/div>\n\n\n\n<p><\/p>\n","protected":false},"excerpt":{"rendered":"<p>Dimension B\u00e9ton S\u00e9n\u00e9gal est une entreprise bas\u00e9e \u00e0 Diamniadio. Elle est dirig\u00e9e par deux (2) passionn\u00e9s qui cumulent plus de 30 ann\u00e9es d\u2019exp\u00e9rience, au sein du leader mondial des mat\u00e9riaux de construction. Ayant contribu\u00e9 \u00e0 r\u00e9aliser grand nombre de chantiers complexes et prestigieux (tours \u00e0 La D\u00e9fense Paris ile de France, chantier du Grand Paris, chantier Philharmonie de Paris porte de Pantin).&nbsp;&nbsp;Nous mettons au service de nos clients notre expertise des proc\u00e9d\u00e9s de fabrication du b\u00e9ton pr\u00eat \u00e0 l\u2019emploi, du transport du b\u00e9ton et de la qualit\u00e9 du b\u00e9ton pr\u00eat \u00e0 l\u2019emploi. Dimension b\u00e9ton S\u00e9n\u00e9gal est \u00e9quip\u00e9 d\u2019une centrale pouvant&#8230; <\/p>\n","protected":false},"author":1,"featured_media":159,"parent":0,"menu_order":0,"comment_status":"closed","ping_status":"closed","template":"full-width.php","meta":[],"yoast_head":"<!-- This site is optimized with the Yoast SEO plugin v15.8 - https:\/\/yoast.com\/wordpress\/plugins\/seo\/ -->\n<title>ENTREPRISE A VOTRE ECOUTE -<\/title>\n<meta name=\"robots\" content=\"index, follow, max-snippet:-1, max-image-preview:large, max-video-preview:-1\" \/>\n<link rel=\"canonical\" href=\"http:\/\/dimensionbetonsenegal.com\/?page_id=70\" \/>\n<meta property=\"og:locale\" content=\"fr_FR\" \/>\n<meta property=\"og:type\" content=\"article\" \/>\n<meta property=\"og:title\" content=\"ENTREPRISE A VOTRE ECOUTE -\" \/>\n<meta property=\"og:description\" content=\"Dimension B\u00e9ton S\u00e9n\u00e9gal est une entreprise bas\u00e9e \u00e0 Diamniadio. Elle est dirig\u00e9e par deux (2) passionn\u00e9s qui cumulent plus de 30 ann\u00e9es d\u2019exp\u00e9rience, au sein du leader mondial des mat\u00e9riaux de construction. Ayant contribu\u00e9 \u00e0 r\u00e9aliser grand nombre de chantiers complexes et prestigieux (tours \u00e0 La D\u00e9fense Paris ile de France, chantier du Grand Paris, chantier Philharmonie de Paris porte de Pantin).&nbsp;&nbsp;Nous mettons au service de nos clients notre expertise des proc\u00e9d\u00e9s de fabrication du b\u00e9ton pr\u00eat \u00e0 l\u2019emploi, du transport du b\u00e9ton et de la qualit\u00e9 du b\u00e9ton pr\u00eat \u00e0 l\u2019emploi. Dimension b\u00e9ton S\u00e9n\u00e9gal est \u00e9quip\u00e9 d\u2019une centrale pouvant...\" \/>\n<meta property=\"og:url\" content=\"http:\/\/dimensionbetonsenegal.com\/?page_id=70\" \/>\n<meta property=\"article:modified_time\" content=\"2021-03-27T07:45:35+00:00\" \/>\n<meta property=\"og:image\" content=\"https:\/\/dimensionbetonsenegal.com\/wp-content\/uploads\/2021\/01\/construction-plans-with-yellow-helmet-drawing-tools-bluep-scaled.jpg\" \/>\n\t<meta property=\"og:image:width\" content=\"2560\" \/>\n\t<meta property=\"og:image:height\" content=\"1650\" \/>\n<meta name=\"twitter:card\" content=\"summary_large_image\" \/>\n<meta name=\"twitter:label1\" content=\"Dur\u00e9e de lecture est.\">\n\t<meta name=\"twitter:data1\" content=\"3 minutes\">\n<script type=\"application\/ld+json\" class=\"yoast-schema-graph\">{\"@context\":\"https:\/\/schema.org\",\"@graph\":[{\"@type\":\"Organization\",\"@id\":\"http:\/\/dimensionbetonsenegal.com\/#organization\",\"name\":\"Dimension b\\u00e9ton S\\u00e9n\\u00e9gal\",\"url\":\"http:\/\/dimensionbetonsenegal.com\/\",\"sameAs\":[],\"logo\":{\"@type\":\"ImageObject\",\"@id\":\"http:\/\/dimensionbetonsenegal.com\/#logo\",\"inLanguage\":\"fr-FR\",\"url\":\"https:\/\/dimensionbetonsenegal.com\/wp-content\/uploads\/2021\/01\/Fichier-1.png\",\"width\":202,\"height\":162,\"caption\":\"Dimension b\\u00e9ton S\\u00e9n\\u00e9gal\"},\"image\":{\"@id\":\"http:\/\/dimensionbetonsenegal.com\/#logo\"}},{\"@type\":\"WebSite\",\"@id\":\"http:\/\/dimensionbetonsenegal.com\/#website\",\"url\":\"http:\/\/dimensionbetonsenegal.com\/\",\"name\":\"\",\"description\":\"\",\"publisher\":{\"@id\":\"http:\/\/dimensionbetonsenegal.com\/#organization\"},\"potentialAction\":[{\"@type\":\"SearchAction\",\"target\":\"http:\/\/dimensionbetonsenegal.com\/?s={search_term_string}\",\"query-input\":\"required name=search_term_string\"}],\"inLanguage\":\"fr-FR\"},{\"@type\":\"ImageObject\",\"@id\":\"http:\/\/dimensionbetonsenegal.com\/?page_id=70#primaryimage\",\"inLanguage\":\"fr-FR\",\"url\":\"https:\/\/dimensionbetonsenegal.com\/wp-content\/uploads\/2021\/01\/construction-plans-with-yellow-helmet-drawing-tools-bluep-scaled.jpg\",\"width\":2560,\"height\":1650,\"caption\":\"Construction plans with yellow helmet and drawing tools on blueprints\"},{\"@type\":\"WebPage\",\"@id\":\"http:\/\/dimensionbetonsenegal.com\/?page_id=70#webpage\",\"url\":\"http:\/\/dimensionbetonsenegal.com\/?page_id=70\",\"name\":\"ENTREPRISE A VOTRE ECOUTE -\",\"isPartOf\":{\"@id\":\"http:\/\/dimensionbetonsenegal.com\/#website\"},\"primaryImageOfPage\":{\"@id\":\"http:\/\/dimensionbetonsenegal.com\/?page_id=70#primaryimage\"},\"datePublished\":\"2021-01-20T09:17:28+00:00\",\"dateModified\":\"2021-03-27T07:45:35+00:00\",\"breadcrumb\":{\"@id\":\"http:\/\/dimensionbetonsenegal.com\/?page_id=70#breadcrumb\"},\"inLanguage\":\"fr-FR\",\"potentialAction\":[{\"@type\":\"ReadAction\",\"target\":[\"http:\/\/dimensionbetonsenegal.com\/?page_id=70\"]}]},{\"@type\":\"BreadcrumbList\",\"@id\":\"http:\/\/dimensionbetonsenegal.com\/?page_id=70#breadcrumb\",\"itemListElement\":[{\"@type\":\"ListItem\",\"position\":1,\"item\":{\"@type\":\"WebPage\",\"@id\":\"http:\/\/dimensionbetonsenegal.com\/\",\"url\":\"http:\/\/dimensionbetonsenegal.com\/\",\"name\":\"Accueil\"}},{\"@type\":\"ListItem\",\"position\":2,\"item\":{\"@type\":\"WebPage\",\"@id\":\"http:\/\/dimensionbetonsenegal.com\/?page_id=70\",\"url\":\"http:\/\/dimensionbetonsenegal.com\/?page_id=70\",\"name\":\"ENTREPRISE A VOTRE ECOUTE\"}}]}]}<\/script>\n<!-- \/ Yoast SEO plugin. -->","_links":{"self":[{"href":"https:\/\/dimensionbetonsenegal.com\/index.php?rest_route=\/wp\/v2\/pages\/70"}],"collection":[{"href":"https:\/\/dimensionbetonsenegal.com\/index.php?rest_route=\/wp\/v2\/pages"}],"about":[{"href":"https:\/\/dimensionbetonsenegal.com\/index.php?rest_route=\/wp\/v2\/types\/page"}],"author":[{"embeddable":true,"href":"https:\/\/dimensionbetonsenegal.com\/index.php?rest_route=\/wp\/v2\/users\/1"}],"replies":[{"embeddable":true,"href":"https:\/\/dimensionbetonsenegal.com\/index.php?rest_route=%2Fwp%2Fv2%2Fcomments&post=70"}],"version-history":[{"count":99,"href":"https:\/\/dimensionbetonsenegal.com\/index.php?rest_route=\/wp\/v2\/pages\/70\/revisions"}],"predecessor-version":[{"id":631,"href":"https:\/\/dimensionbetonsenegal.com\/index.php?rest_route=\/wp\/v2\/pages\/70\/revisions\/631"}],"wp:featuredmedia":[{"embeddable":true,"href":"https:\/\/dimensionbetonsenegal.com\/index.php?rest_route=\/wp\/v2\/media\/159"}],"wp:attachment":[{"href":"https:\/\/dimensionbetonsenegal.com\/index.php?rest_route=%2Fwp%2Fv2%2Fmedia&parent=70"}],"curies":[{"name":"wp","href":"https:\/\/api.w.org\/{rel}","templated":true}]}}