{"id":5,"date":"2021-01-06T20:32:48","date_gmt":"2021-01-06T20:32:48","guid":{"rendered":"http:\/\/dimensionbetonsenegal.com\/?page_id=5"},"modified":"2021-03-27T07:41:31","modified_gmt":"2021-03-27T07:41:31","slug":"accueil","status":"publish","type":"page","link":"https:\/\/dimensionbetonsenegal.com\/","title":{"rendered":"Accueil"},"content":{"rendered":"\n<p class=\"has-text-align-left has-medium-font-size\">Sp\u00e9cialiste du b\u00e9ton pr\u00eat \u00e0 l\u2019emploi Dimension B\u00e9ton S\u00e9n\u00e9gal vous accompagne dans vos projets de construction. A l\u2019\u00e9coute et au service de sa client\u00e8le, notre expertise , notre exp\u00e9rience et nos infrastructures, nous permettent de r\u00e9pondre \u00e0 toutes vos demandes . Dimension B\u00e9ton S\u00e9n\u00e9gal est \u00e9quip\u00e9 d\u2019un laboratoire b\u00e9ton pouvant r\u00e9aliser les essais et contr\u00f4les courants du b\u00e9ton pr\u00eat \u00e0 l\u2019emploi pour vous fournir un b\u00e9ton de haute qualit\u00e9. <\/p>\n\n\n\n<div style=\"height:58px\" aria-hidden=\"true\" class=\"wp-block-spacer\"><\/div>\n\n\n\n<h2>Calculateur de volume<\/h2>\n\n\n\n<div class=\"wp-block-columns\">\n<div class=\"wp-block-column\">\n<form name=\"cp_calculatedfieldsf_pform_1\" id=\"cp_calculatedfieldsf_pform_1\" action=\"?\" method=\"post\" enctype=\"multipart\/form-data\" class=\"\"><input type=\"hidden\" name=\"cp_calculatedfieldsf_id\" value=\"6\" \/><pre style=\"display:none !important;\"><!--noptimize--><script>form_structure_1=[[{\"form_identifier\":\"\",\"name\":\"fieldname2\",\"shortlabel\":\"\",\"index\":0,\"ftype\":\"fnumber\",\"userhelp\":\"\",\"userhelpTooltip\":false,\"tooltipIcon\":false,\"csslayout\":\"\",\"title\":\"Longueur en m\",\"predefined\":\"\",\"predefinedClick\":false,\"required\":true,\"exclude\":false,\"readonly\":false,\"size\":\"small\",\"thousandSeparator\":\"\",\"decimalSymbol\":\",\",\"min\":\"\",\"max\":\"\",\"formatDynamically\":false,\"dformat\":\"number\",\"formats\":[\"digits\",\"number\",\"percent\"],\"fBuild\":{},\"parent\":\"\"},{\"form_identifier\":\"\",\"name\":\"fieldname3\",\"shortlabel\":\"\",\"index\":1,\"ftype\":\"fnumber\",\"userhelp\":\"\",\"userhelpTooltip\":false,\"tooltipIcon\":false,\"csslayout\":\"\",\"title\":\"Largeur en m\",\"predefined\":\"\",\"predefinedClick\":false,\"required\":true,\"exclude\":false,\"readonly\":false,\"size\":\"small\",\"thousandSeparator\":\"\",\"decimalSymbol\":\",\",\"min\":\"\",\"max\":\"\",\"formatDynamically\":false,\"dformat\":\"number\",\"formats\":[\"digits\",\"number\",\"percent\"],\"fBuild\":{},\"parent\":\"\"},{\"form_identifier\":\"\",\"name\":\"fieldname4\",\"shortlabel\":\"\",\"index\":2,\"ftype\":\"fnumber\",\"userhelp\":\"\",\"userhelpTooltip\":false,\"tooltipIcon\":false,\"csslayout\":\"\",\"title\":\"Epaisseur en m\",\"predefined\":\"\",\"predefinedClick\":false,\"required\":true,\"exclude\":false,\"readonly\":false,\"size\":\"small\",\"thousandSeparator\":\"\",\"decimalSymbol\":\",\",\"min\":\"\",\"max\":\"\",\"formatDynamically\":false,\"dformat\":\"number\",\"formats\":[\"digits\",\"number\",\"percent\"],\"fBuild\":{},\"parent\":\"\"},{\"dependencies\":[{\"rule\":\"\",\"complex\":false,\"fields\":[\"\"]}],\"form_identifier\":\"\",\"name\":\"fieldname1\",\"shortlabel\":\"\",\"index\":3,\"ftype\":\"fCalculated\",\"userhelp\":\"\",\"userhelpTooltip\":false,\"tooltipIcon\":false,\"csslayout\":\"\",\"title\":\"Volume en m3\",\"predefined\":\"1\",\"required\":false,\"exclude\":false,\"size\":\"medium\",\"eq\":\"fieldname2*fieldname3*fieldname4\",\"suffix\":\"\",\"prefix\":\"\",\"decimalsymbol\":\".\",\"groupingsymbol\":\"\",\"readonly\":true,\"noEvalIfManual\":true,\"formatDynamically\":false,\"hidefield\":false,\"fBuild\":{},\"parent\":\"\"}],{\"0\":{\"title\":\"Surface carr\\u00e9e ou rectangulaire\",\"description\":\"Calculateur pour une surface carr\\u00e9e ou rectangulaire\",\"formlayout\":\"top_aligned\",\"formtemplate\":\"cp_cff_professional\",\"evalequations\":1,\"evalequationsevent\":2,\"autocomplete\":1,\"persistence\":0,\"customstyles\":\"\"},\"formid\":\"cp_calculatedfieldsf_pform_1\"}];<\/script><!--\/noptimize--><\/pre>\r\n<div id=\"fbuilder\">\r\n  <div id=\"fbuilder_1\">\r\n      <div id=\"formheader_1\"><\/div>\r\n      <div id=\"fieldlist_1\"><\/div>\r\n  <\/div>\r\n<\/div>\r\n<div class=\"clearer\"><\/div>\r\n<\/form>\r\n\n<\/div>\n\n\n\n<div class=\"wp-block-column\">\n<form name=\"cp_calculatedfieldsf_pform_2\" id=\"cp_calculatedfieldsf_pform_2\" action=\"?\" method=\"post\" enctype=\"multipart\/form-data\" class=\"\"><input type=\"hidden\" name=\"cp_calculatedfieldsf_id\" value=\"7\" \/><pre style=\"display:none !important;\"><!--noptimize--><script>form_structure_2=[[{\"form_identifier\":\"\",\"name\":\"fieldname2\",\"shortlabel\":\"\",\"index\":0,\"ftype\":\"fnumber\",\"userhelp\":\"\",\"userhelpTooltip\":false,\"tooltipIcon\":false,\"csslayout\":\"\",\"title\":\"Largeur en m\",\"predefined\":\"\",\"predefinedClick\":false,\"required\":true,\"exclude\":false,\"readonly\":false,\"size\":\"small\",\"thousandSeparator\":\"\",\"decimalSymbol\":\",\",\"min\":\"\",\"max\":\"\",\"formatDynamically\":false,\"dformat\":\"number\",\"formats\":[\"digits\",\"number\",\"percent\"],\"fBuild\":{},\"parent\":\"\"},{\"form_identifier\":\"\",\"name\":\"fieldname3\",\"shortlabel\":\"\",\"index\":1,\"ftype\":\"fnumber\",\"userhelp\":\"\",\"userhelpTooltip\":false,\"tooltipIcon\":false,\"csslayout\":\"\",\"title\":\"Longueur en m\",\"predefined\":\"\",\"predefinedClick\":false,\"required\":true,\"exclude\":false,\"readonly\":false,\"size\":\"small\",\"thousandSeparator\":\"\",\"decimalSymbol\":\",\",\"min\":\"\",\"max\":\"\",\"formatDynamically\":false,\"dformat\":\"number\",\"formats\":[\"digits\",\"number\",\"percent\"],\"fBuild\":{},\"parent\":\"\"},{\"form_identifier\":\"\",\"name\":\"fieldname4\",\"shortlabel\":\"\",\"index\":2,\"ftype\":\"fnumber\",\"userhelp\":\"\",\"userhelpTooltip\":false,\"tooltipIcon\":false,\"csslayout\":\"\",\"title\":\"Epaisseur en m\",\"predefined\":\"\",\"predefinedClick\":false,\"required\":true,\"exclude\":false,\"readonly\":false,\"size\":\"small\",\"thousandSeparator\":\"\",\"decimalSymbol\":\",\",\"min\":\"\",\"max\":\"\",\"formatDynamically\":false,\"dformat\":\"number\",\"formats\":[\"digits\",\"number\",\"percent\"],\"fBuild\":{},\"parent\":\"\"},{\"dependencies\":[{\"rule\":\"\",\"complex\":false,\"fields\":[\"\"]}],\"form_identifier\":\"\",\"name\":\"fieldname1\",\"shortlabel\":\"\",\"index\":3,\"ftype\":\"fCalculated\",\"userhelp\":\"\",\"userhelpTooltip\":false,\"tooltipIcon\":false,\"csslayout\":\"\",\"title\":\"Volume en m3\",\"predefined\":\"\",\"required\":false,\"exclude\":false,\"size\":\"medium\",\"eq\":\"((fieldname2*fieldname3)\\\/2)*fieldname4\",\"suffix\":\"\",\"prefix\":\"\",\"decimalsymbol\":\".\",\"groupingsymbol\":\"\",\"readonly\":true,\"noEvalIfManual\":true,\"formatDynamically\":false,\"hidefield\":false,\"fBuild\":{},\"parent\":\"\"}],{\"0\":{\"title\":\"Surface triangulaire \\u00e0 angle droit\",\"description\":\"Calculateur pour une surface triangulaire \\u00e0 angle droit\",\"formlayout\":\"top_aligned\",\"formtemplate\":\"cp_cff_professional\",\"evalequations\":1,\"evalequationsevent\":2,\"autocomplete\":1,\"persistence\":0,\"customstyles\":\"\"},\"formid\":\"cp_calculatedfieldsf_pform_2\"}];<\/script><!--\/noptimize--><\/pre>\r\n<div id=\"fbuilder\">\r\n  <div id=\"fbuilder_2\">\r\n      <div id=\"formheader_2\"><\/div>\r\n      <div id=\"fieldlist_2\"><\/div>\r\n  <\/div>\r\n<\/div>\r\n<div class=\"clearer\"><\/div>\r\n<\/form>\r\n\n<\/div>\n\n\n\n<div class=\"wp-block-column\">\n<form name=\"cp_calculatedfieldsf_pform_3\" id=\"cp_calculatedfieldsf_pform_3\" action=\"?\" method=\"post\" enctype=\"multipart\/form-data\" class=\"\"><input type=\"hidden\" name=\"cp_calculatedfieldsf_id\" value=\"8\" \/><pre style=\"display:none !important;\"><!--noptimize--><script>form_structure_3=[[{\"form_identifier\":\"\",\"name\":\"fieldname2\",\"shortlabel\":\"\",\"index\":0,\"ftype\":\"fnumber\",\"userhelp\":\"\",\"userhelpTooltip\":false,\"tooltipIcon\":false,\"csslayout\":\"\",\"title\":\"Rayon en m\",\"predefined\":\"\",\"predefinedClick\":false,\"required\":true,\"exclude\":false,\"readonly\":false,\"size\":\"small\",\"thousandSeparator\":\"\",\"decimalSymbol\":\",\",\"min\":\"\",\"max\":\"\",\"formatDynamically\":false,\"dformat\":\"number\",\"formats\":[\"digits\",\"number\",\"percent\"],\"fBuild\":{},\"parent\":\"\"},{\"form_identifier\":\"\",\"name\":\"fieldname4\",\"shortlabel\":\"\",\"index\":1,\"ftype\":\"fnumber\",\"userhelp\":\"\",\"userhelpTooltip\":false,\"tooltipIcon\":false,\"csslayout\":\"\",\"title\":\"Angle en \\u00b0\",\"predefined\":\"\",\"predefinedClick\":false,\"required\":true,\"exclude\":false,\"readonly\":false,\"size\":\"small\",\"thousandSeparator\":\"\",\"decimalSymbol\":\",\",\"min\":\"\",\"max\":\"\",\"formatDynamically\":false,\"dformat\":\"number\",\"formats\":[\"digits\",\"number\",\"percent\"],\"fBuild\":{},\"parent\":\"\"},{\"form_identifier\":\"\",\"name\":\"fieldname3\",\"shortlabel\":\"\",\"index\":2,\"ftype\":\"fnumber\",\"userhelp\":\"\",\"userhelpTooltip\":false,\"tooltipIcon\":false,\"csslayout\":\"\",\"title\":\"Epaisseur en m\",\"predefined\":\"\",\"predefinedClick\":false,\"required\":true,\"exclude\":false,\"readonly\":false,\"size\":\"small\",\"thousandSeparator\":\"\",\"decimalSymbol\":\",\",\"min\":\"\",\"max\":\"\",\"formatDynamically\":false,\"dformat\":\"number\",\"formats\":[\"digits\",\"number\",\"percent\"],\"fBuild\":{},\"parent\":\"\"},{\"dependencies\":[{\"rule\":\"\",\"complex\":false,\"fields\":[\"\"]}],\"form_identifier\":\"\",\"name\":\"fieldname1\",\"shortlabel\":\"\",\"index\":3,\"ftype\":\"fCalculated\",\"userhelp\":\"\",\"userhelpTooltip\":false,\"tooltipIcon\":false,\"csslayout\":\"\",\"title\":\"Volume en m3\",\"predefined\":\"\",\"required\":false,\"exclude\":false,\"size\":\"medium\",\"eq\":\"(fieldname2*fieldname2*fieldname4*fieldname3*3.14)\\\/360\",\"suffix\":\"\",\"prefix\":\"\",\"decimalsymbol\":\".\",\"groupingsymbol\":\"\",\"readonly\":true,\"noEvalIfManual\":true,\"formatDynamically\":false,\"hidefield\":false,\"fBuild\":{},\"parent\":\"\"}],{\"0\":{\"title\":\"Surface d'une partie de cercle\",\"description\":\"Calculateur pour une surface repr\\u00e9sentant la partie d'un cercle\",\"formlayout\":\"top_aligned\",\"formtemplate\":\"cp_cff_professional\",\"evalequations\":1,\"evalequationsevent\":2,\"autocomplete\":1,\"persistence\":0,\"customstyles\":\"\"},\"formid\":\"cp_calculatedfieldsf_pform_3\"}];<\/script><!--\/noptimize--><\/pre>\r\n<div id=\"fbuilder\">\r\n  <div id=\"fbuilder_3\">\r\n      <div id=\"formheader_3\"><\/div>\r\n      <div id=\"fieldlist_3\"><\/div>\r\n  <\/div>\r\n<\/div>\r\n<div class=\"clearer\"><\/div>\r\n<\/form>\r\n\n<\/div>\n<\/div>\n","protected":false},"excerpt":{"rendered":"<p>Sp\u00e9cialiste du b\u00e9ton pr\u00eat \u00e0 l\u2019emploi Dimension B\u00e9ton S\u00e9n\u00e9gal vous accompagne dans vos projets de construction. A l\u2019\u00e9coute et au service de sa client\u00e8le, notre expertise , notre exp\u00e9rience et nos infrastructures, nous permettent de r\u00e9pondre \u00e0 toutes vos demandes . Dimension B\u00e9ton S\u00e9n\u00e9gal est \u00e9quip\u00e9 d\u2019un laboratoire b\u00e9ton pouvant r\u00e9aliser les essais et contr\u00f4les courants du b\u00e9ton pr\u00eat \u00e0 l\u2019emploi pour vous fournir un b\u00e9ton de haute qualit\u00e9. Calculateur de volume<\/p>\n","protected":false},"author":1,"featured_media":0,"parent":0,"menu_order":1,"comment_status":"closed","ping_status":"closed","template":"","meta":[],"yoast_head":"<!-- This site is optimized with the Yoast SEO plugin v15.8 - https:\/\/yoast.com\/wordpress\/plugins\/seo\/ -->\n<title>Accueil -<\/title>\n<meta name=\"robots\" content=\"index, follow, max-snippet:-1, max-image-preview:large, max-video-preview:-1\" \/>\n<link rel=\"canonical\" href=\"http:\/\/dimensionbetonsenegal.com\/\" \/>\n<meta property=\"og:locale\" content=\"fr_FR\" \/>\n<meta property=\"og:type\" content=\"article\" \/>\n<meta property=\"og:title\" content=\"Accueil -\" \/>\n<meta property=\"og:description\" content=\"Sp\u00e9cialiste du b\u00e9ton pr\u00eat \u00e0 l\u2019emploi Dimension B\u00e9ton S\u00e9n\u00e9gal vous accompagne dans vos projets de construction. A l\u2019\u00e9coute et au service de sa client\u00e8le, notre expertise , notre exp\u00e9rience et nos infrastructures, nous permettent de r\u00e9pondre \u00e0 toutes vos demandes . Dimension B\u00e9ton S\u00e9n\u00e9gal est \u00e9quip\u00e9 d\u2019un laboratoire b\u00e9ton pouvant r\u00e9aliser les essais et contr\u00f4les courants du b\u00e9ton pr\u00eat \u00e0 l\u2019emploi pour vous fournir un b\u00e9ton de haute qualit\u00e9. Calculateur de volume\" \/>\n<meta property=\"og:url\" content=\"http:\/\/dimensionbetonsenegal.com\/\" \/>\n<meta property=\"article:modified_time\" content=\"2021-03-27T07:41:31+00:00\" \/>\n<meta name=\"twitter:card\" content=\"summary_large_image\" \/>\n<meta name=\"twitter:label1\" content=\"Dur\u00e9e de lecture est.\">\n\t<meta name=\"twitter:data1\" content=\"1 minute\">\n<script type=\"application\/ld+json\" class=\"yoast-schema-graph\">{\"@context\":\"https:\/\/schema.org\",\"@graph\":[{\"@type\":\"Organization\",\"@id\":\"http:\/\/dimensionbetonsenegal.com\/#organization\",\"name\":\"Dimension b\\u00e9ton S\\u00e9n\\u00e9gal\",\"url\":\"http:\/\/dimensionbetonsenegal.com\/\",\"sameAs\":[],\"logo\":{\"@type\":\"ImageObject\",\"@id\":\"http:\/\/dimensionbetonsenegal.com\/#logo\",\"inLanguage\":\"fr-FR\",\"url\":\"https:\/\/dimensionbetonsenegal.com\/wp-content\/uploads\/2021\/01\/Fichier-1.png\",\"width\":202,\"height\":162,\"caption\":\"Dimension b\\u00e9ton S\\u00e9n\\u00e9gal\"},\"image\":{\"@id\":\"http:\/\/dimensionbetonsenegal.com\/#logo\"}},{\"@type\":\"WebSite\",\"@id\":\"http:\/\/dimensionbetonsenegal.com\/#website\",\"url\":\"http:\/\/dimensionbetonsenegal.com\/\",\"name\":\"\",\"description\":\"\",\"publisher\":{\"@id\":\"http:\/\/dimensionbetonsenegal.com\/#organization\"},\"potentialAction\":[{\"@type\":\"SearchAction\",\"target\":\"http:\/\/dimensionbetonsenegal.com\/?s={search_term_string}\",\"query-input\":\"required name=search_term_string\"}],\"inLanguage\":\"fr-FR\"},{\"@type\":\"WebPage\",\"@id\":\"http:\/\/dimensionbetonsenegal.com\/#webpage\",\"url\":\"http:\/\/dimensionbetonsenegal.com\/\",\"name\":\"Accueil -\",\"isPartOf\":{\"@id\":\"http:\/\/dimensionbetonsenegal.com\/#website\"},\"datePublished\":\"2021-01-06T20:32:48+00:00\",\"dateModified\":\"2021-03-27T07:41:31+00:00\",\"breadcrumb\":{\"@id\":\"http:\/\/dimensionbetonsenegal.com\/#breadcrumb\"},\"inLanguage\":\"fr-FR\",\"potentialAction\":[{\"@type\":\"ReadAction\",\"target\":[\"http:\/\/dimensionbetonsenegal.com\/\"]}]},{\"@type\":\"BreadcrumbList\",\"@id\":\"http:\/\/dimensionbetonsenegal.com\/#breadcrumb\",\"itemListElement\":[{\"@type\":\"ListItem\",\"position\":1,\"item\":{\"@type\":\"WebPage\",\"@id\":\"http:\/\/dimensionbetonsenegal.com\/\",\"url\":\"http:\/\/dimensionbetonsenegal.com\/\",\"name\":\"Accueil\"}},{\"@type\":\"ListItem\",\"position\":2,\"item\":{\"@type\":\"WebPage\",\"@id\":\"http:\/\/dimensionbetonsenegal.com\/\",\"url\":\"http:\/\/dimensionbetonsenegal.com\/\",\"name\":\"Accueil\"}}]}]}<\/script>\n<!-- \/ Yoast SEO plugin. -->","_links":{"self":[{"href":"https:\/\/dimensionbetonsenegal.com\/index.php?rest_route=\/wp\/v2\/pages\/5"}],"collection":[{"href":"https:\/\/dimensionbetonsenegal.com\/index.php?rest_route=\/wp\/v2\/pages"}],"about":[{"href":"https:\/\/dimensionbetonsenegal.com\/index.php?rest_route=\/wp\/v2\/types\/page"}],"author":[{"embeddable":true,"href":"https:\/\/dimensionbetonsenegal.com\/index.php?rest_route=\/wp\/v2\/users\/1"}],"replies":[{"embeddable":true,"href":"https:\/\/dimensionbetonsenegal.com\/index.php?rest_route=%2Fwp%2Fv2%2Fcomments&post=5"}],"version-history":[{"count":26,"href":"https:\/\/dimensionbetonsenegal.com\/index.php?rest_route=\/wp\/v2\/pages\/5\/revisions"}],"predecessor-version":[{"id":629,"href":"https:\/\/dimensionbetonsenegal.com\/index.php?rest_route=\/wp\/v2\/pages\/5\/revisions\/629"}],"wp:attachment":[{"href":"https:\/\/dimensionbetonsenegal.com\/index.php?rest_route=%2Fwp%2Fv2%2Fmedia&parent=5"}],"curies":[{"name":"wp","href":"https:\/\/api.w.org\/{rel}","templated":true}]}}