{"id":22,"date":"2021-01-06T21:03:49","date_gmt":"2021-01-06T20:03:49","guid":{"rendered":"http:\/\/dimensionbetonsenegal.com\/?page_id=22"},"modified":"2021-02-15T19:54:35","modified_gmt":"2021-02-15T19:54:35","slug":"contact","status":"publish","type":"page","link":"https:\/\/dimensionbetonsenegal.com\/?page_id=22","title":{"rendered":"DEMANDE DE DEVIS"},"content":{"rendered":"\n<p class=\"has-medium-font-size\">Pour vos demandes de devis vous pouvez remplir ce formulaire ou  nous joindre au 778280893.<\/p>\n\n\n\n<div class=\"wp-block-columns\">\n<div class=\"wp-block-column\" style=\"flex-basis:100%\">\n<div class=\"wp-block-contact-form-7-contact-form-selector\"><div role=\"form\" class=\"wpcf7\" id=\"wpcf7-f533-o1\" lang=\"fr-FR\" dir=\"ltr\">\n<div class=\"screen-reader-response\"><p role=\"status\" aria-live=\"polite\" aria-atomic=\"true\"><\/p> <ul><\/ul><\/div>\n<form action=\"\/index.php?rest_route=%2Fwp%2Fv2%2Fpages%2F22#wpcf7-f533-o1\" method=\"post\" class=\"wpcf7-form init\" novalidate=\"novalidate\" data-status=\"init\">\n<div style=\"display: none;\">\n<input type=\"hidden\" name=\"_wpcf7\" value=\"533\" \/>\n<input type=\"hidden\" name=\"_wpcf7_version\" value=\"5.3.2\" \/>\n<input type=\"hidden\" name=\"_wpcf7_locale\" value=\"fr_FR\" \/>\n<input type=\"hidden\" name=\"_wpcf7_unit_tag\" value=\"wpcf7-f533-o1\" \/>\n<input type=\"hidden\" name=\"_wpcf7_container_post\" value=\"0\" \/>\n<input type=\"hidden\" name=\"_wpcf7_posted_data_hash\" value=\"\" \/>\n<\/div>\n<p><label> Votre nom<br \/>\n    <span class=\"wpcf7-form-control-wrap your-name\"><input type=\"text\" name=\"your-name\" value=\"\" size=\"40\" class=\"wpcf7-form-control wpcf7-text wpcf7-validates-as-required\" aria-required=\"true\" aria-invalid=\"false\" \/><\/span> <\/label><\/p>\n<p><label> Votre num\u00e9ro de t\u00e9l\u00e9phone<br \/>\n<span class=\"wpcf7-form-control-wrap tel\"><input type=\"tel\" name=\"tel\" value=\"\" size=\"40\" class=\"wpcf7-form-control wpcf7-text wpcf7-tel wpcf7-validates-as-tel\" aria-invalid=\"false\" \/><\/span><\/label><\/p>\n<p><label> Votre e-mail<br \/>\n    <span class=\"wpcf7-form-control-wrap your-email\"><input type=\"email\" name=\"your-email\" value=\"\" size=\"40\" class=\"wpcf7-form-control wpcf7-text wpcf7-email wpcf7-validates-as-required wpcf7-validates-as-email\" aria-required=\"true\" aria-invalid=\"false\" \/><\/span> <\/label><\/p>\n<p><label> Vous \u00eates <\/label><br \/>\n<span class=\"wpcf7-form-control-wrap radio-858\"><span class=\"wpcf7-form-control wpcf7-radio\"><span class=\"wpcf7-list-item first\"><label><input type=\"radio\" name=\"radio-858\" value=\"Particulier\" checked=\"checked\" \/><span class=\"wpcf7-list-item-label\">Particulier<\/span><\/label><\/span><span class=\"wpcf7-list-item last\"><label><input type=\"radio\" name=\"radio-858\" value=\"Professionnel\" \/><span class=\"wpcf7-list-item-label\">Professionnel<\/span><\/label><\/span><\/span><\/span> <\/p>\n<p><label> Ville du chantier<br \/>\n<span class=\"wpcf7-form-control-wrap text-109\"><input type=\"text\" name=\"text-109\" value=\"\" size=\"40\" class=\"wpcf7-form-control wpcf7-text\" aria-invalid=\"false\" \/><\/span> <\/label> <\/p>\n<p><label> Type de b\u00e9ton<br \/>\n<span class=\"wpcf7-form-control-wrap radio-197\"><span class=\"wpcf7-form-control wpcf7-radio\"><span class=\"wpcf7-list-item first\"><label><input type=\"radio\" name=\"radio-197\" value=\"Je ne sais pas, je souhaite \u00eatre conseill\u00e9\" checked=\"checked\" \/><span class=\"wpcf7-list-item-label\">Je ne sais pas, je souhaite \u00eatre conseill\u00e9<\/span><\/label><\/span><span class=\"wpcf7-list-item last\"><label><input type=\"radio\" name=\"radio-197\" value=\"je sais exactement ce que je veux.\" \/><span class=\"wpcf7-list-item-label\">je sais exactement ce que je veux.<\/span><\/label><\/span><\/span><\/span><span class=\"wpcf7-form-control-wrap text-629\"><input type=\"text\" name=\"text-629\" value=\"\" size=\"40\" class=\"wpcf7-form-control wpcf7-text\" aria-invalid=\"false\" \/><\/span><br \/>\n<\/label><\/p>\n<p><label><br \/>\nQuantit\u00e9 de b\u00e9ton \u00e0 livrer<\/label> <span class=\"wpcf7-form-control-wrap number-895\"><input type=\"number\" name=\"number-895\" value=\"\" class=\"wpcf7-form-control wpcf7-number wpcf7-validates-as-number\" aria-invalid=\"false\" \/><\/span><\/p>\n<p><label><br \/>\nPompage du b\u00e9ton souhait\u00e9 <\/label><br \/>\n<span class=\"wpcf7-form-control-wrap radio-711\"><span class=\"wpcf7-form-control wpcf7-radio\"><span class=\"wpcf7-list-item first\"><label><input type=\"radio\" name=\"radio-711\" value=\"Oui\" checked=\"checked\" \/><span class=\"wpcf7-list-item-label\">Oui<\/span><\/label><\/span><span class=\"wpcf7-list-item last\"><label><input type=\"radio\" name=\"radio-711\" value=\"Non\" \/><span class=\"wpcf7-list-item-label\">Non<\/span><\/label><\/span><\/span><\/span><\/p>\n<p><label> Votre message : \"Veuillez nous pr\u00e9ciser s\u2019il vous plait les conditions d\u2019acc\u00e8s pour le d\u00e9chargement<br \/>\n- Acc\u00e8s direct<br \/>\n- passage au-dessus d\u2019un mur<br \/>\n- Pr\u00e9sence de ligne(s) \u00e9lectriques(s)<br \/>\n\"<br \/>\n    <span class=\"wpcf7-form-control-wrap your-message\"><textarea name=\"your-message\" cols=\"40\" rows=\"10\" class=\"wpcf7-form-control wpcf7-textarea\" aria-invalid=\"false\"><\/textarea><\/span> <\/label><\/p>\n<p><input type=\"submit\" value=\"Envoyer\" class=\"wpcf7-form-control wpcf7-submit\" \/><\/p>\n<div class=\"wpcf7-response-output\" aria-hidden=\"true\"><\/div><\/form><\/div><\/div>\n<\/div>\n<\/div>\n\n\n\n<div class=\"wp-block-group\"><div class=\"wp-block-group__inner-container\">\n<div class=\"wp-block-columns\">\n<div class=\"wp-block-column is-vertically-aligned-bottom\" style=\"flex-basis:100%\">\n<div class=\"wp-block-webfactory-map\"><div class=\"wp-block-webfactory-map\"><iframe width=\"100%\" height=\"300px\" src=\"https:\/\/www.google.com\/maps\/embed\/v1\/place?q=14.695397%20-17.153009&amp;maptype=roadmap&amp;zoom=12&amp;key=AIzaSyAjyDspiPfzEfjRSS5fQzm-3jHFjHxeXB4\" frameborder=\"0\"><\/iframe><\/div><\/div>\n<\/div>\n<\/div>\n<\/div><\/div>\n","protected":false},"excerpt":{"rendered":"<p>Pour vos demandes de devis vous pouvez remplir ce formulaire ou nous joindre au 778280893.<\/p>\n","protected":false},"author":1,"featured_media":0,"parent":0,"menu_order":0,"comment_status":"closed","ping_status":"closed","template":"no-sidebar.php","meta":[],"yoast_head":"<!-- This site is optimized with the Yoast SEO plugin v15.8 - https:\/\/yoast.com\/wordpress\/plugins\/seo\/ -->\n<title>DEMANDE DE DEVIS -<\/title>\n<meta name=\"robots\" content=\"index, follow, max-snippet:-1, max-image-preview:large, max-video-preview:-1\" \/>\n<link rel=\"canonical\" href=\"https:\/\/dimensionbetonsenegal.com\/?page_id=22\" \/>\n<meta property=\"og:locale\" content=\"fr_FR\" \/>\n<meta property=\"og:type\" content=\"article\" \/>\n<meta property=\"og:title\" content=\"DEMANDE DE DEVIS -\" \/>\n<meta property=\"og:description\" content=\"Pour vos demandes de devis vous pouvez remplir ce formulaire ou nous joindre au 778280893.\" \/>\n<meta property=\"og:url\" content=\"https:\/\/dimensionbetonsenegal.com\/?page_id=22\" \/>\n<meta property=\"article:modified_time\" content=\"2021-02-15T19:54:35+00:00\" \/>\n<meta name=\"twitter:card\" content=\"summary_large_image\" \/>\n<script type=\"application\/ld+json\" class=\"yoast-schema-graph\">{\"@context\":\"https:\/\/schema.org\",\"@graph\":[{\"@type\":\"Organization\",\"@id\":\"http:\/\/dimensionbetonsenegal.com\/#organization\",\"name\":\"Dimension b\\u00e9ton S\\u00e9n\\u00e9gal\",\"url\":\"http:\/\/dimensionbetonsenegal.com\/\",\"sameAs\":[],\"logo\":{\"@type\":\"ImageObject\",\"@id\":\"http:\/\/dimensionbetonsenegal.com\/#logo\",\"inLanguage\":\"fr-FR\",\"url\":\"https:\/\/dimensionbetonsenegal.com\/wp-content\/uploads\/2021\/01\/Fichier-1.png\",\"width\":202,\"height\":162,\"caption\":\"Dimension b\\u00e9ton S\\u00e9n\\u00e9gal\"},\"image\":{\"@id\":\"http:\/\/dimensionbetonsenegal.com\/#logo\"}},{\"@type\":\"WebSite\",\"@id\":\"http:\/\/dimensionbetonsenegal.com\/#website\",\"url\":\"http:\/\/dimensionbetonsenegal.com\/\",\"name\":\"\",\"description\":\"\",\"publisher\":{\"@id\":\"http:\/\/dimensionbetonsenegal.com\/#organization\"},\"potentialAction\":[{\"@type\":\"SearchAction\",\"target\":\"http:\/\/dimensionbetonsenegal.com\/?s={search_term_string}\",\"query-input\":\"required name=search_term_string\"}],\"inLanguage\":\"fr-FR\"},{\"@type\":\"WebPage\",\"@id\":\"https:\/\/dimensionbetonsenegal.com\/?page_id=22#webpage\",\"url\":\"https:\/\/dimensionbetonsenegal.com\/?page_id=22\",\"name\":\"DEMANDE DE DEVIS -\",\"isPartOf\":{\"@id\":\"http:\/\/dimensionbetonsenegal.com\/#website\"},\"datePublished\":\"2021-01-06T20:03:49+00:00\",\"dateModified\":\"2021-02-15T19:54:35+00:00\",\"breadcrumb\":{\"@id\":\"https:\/\/dimensionbetonsenegal.com\/?page_id=22#breadcrumb\"},\"inLanguage\":\"fr-FR\",\"potentialAction\":[{\"@type\":\"ReadAction\",\"target\":[\"https:\/\/dimensionbetonsenegal.com\/?page_id=22\"]}]},{\"@type\":\"BreadcrumbList\",\"@id\":\"https:\/\/dimensionbetonsenegal.com\/?page_id=22#breadcrumb\",\"itemListElement\":[{\"@type\":\"ListItem\",\"position\":1,\"item\":{\"@type\":\"WebPage\",\"@id\":\"http:\/\/dimensionbetonsenegal.com\/\",\"url\":\"http:\/\/dimensionbetonsenegal.com\/\",\"name\":\"Accueil\"}},{\"@type\":\"ListItem\",\"position\":2,\"item\":{\"@type\":\"WebPage\",\"@id\":\"https:\/\/dimensionbetonsenegal.com\/?page_id=22\",\"url\":\"https:\/\/dimensionbetonsenegal.com\/?page_id=22\",\"name\":\"DEMANDE DE DEVIS\"}}]}]}<\/script>\n<!-- \/ Yoast SEO plugin. -->","_links":{"self":[{"href":"https:\/\/dimensionbetonsenegal.com\/index.php?rest_route=\/wp\/v2\/pages\/22"}],"collection":[{"href":"https:\/\/dimensionbetonsenegal.com\/index.php?rest_route=\/wp\/v2\/pages"}],"about":[{"href":"https:\/\/dimensionbetonsenegal.com\/index.php?rest_route=\/wp\/v2\/types\/page"}],"author":[{"embeddable":true,"href":"https:\/\/dimensionbetonsenegal.com\/index.php?rest_route=\/wp\/v2\/users\/1"}],"replies":[{"embeddable":true,"href":"https:\/\/dimensionbetonsenegal.com\/index.php?rest_route=%2Fwp%2Fv2%2Fcomments&post=22"}],"version-history":[{"count":16,"href":"https:\/\/dimensionbetonsenegal.com\/index.php?rest_route=\/wp\/v2\/pages\/22\/revisions"}],"predecessor-version":[{"id":589,"href":"https:\/\/dimensionbetonsenegal.com\/index.php?rest_route=\/wp\/v2\/pages\/22\/revisions\/589"}],"wp:attachment":[{"href":"https:\/\/dimensionbetonsenegal.com\/index.php?rest_route=%2Fwp%2Fv2%2Fmedia&parent=22"}],"curies":[{"name":"wp","href":"https:\/\/api.w.org\/{rel}","templated":true}]}}